{"id":10,"date":"2025-05-28T07:55:01","date_gmt":"2025-05-28T05:55:01","guid":{"rendered":"https:\/\/grazo.pl\/?page_id=10"},"modified":"2025-05-28T11:28:44","modified_gmt":"2025-05-28T09:28:44","slug":"zwroty","status":"publish","type":"page","link":"https:\/\/grazo.pl\/?page_id=10","title":{"rendered":"Polityka zwrot\u00f3w"},"content":{"rendered":"\n<h3 class=\"wp-block-heading\"><strong>POLITYKA ZWROT\u00d3W \u2013 SKLEPU GRAZO<\/strong><\/h3>\n\n\n\n<p><strong>\u00a71. Prawo odst\u0105pienia od umowy (zwrot towaru)<\/strong><\/p>\n\n\n\n<ol class=\"wp-block-list\">\n<li>Klient b\u0119d\u0105cy konsumentem lub przedsi\u0119biorc\u0105 na prawach konsumenta (zgodnie z art. 38a ustawy o prawach konsumenta) ma prawo odst\u0105pi\u0107 od umowy zawartej na odleg\u0142o\u015b\u0107 bez podania przyczyny w terminie 14 dni kalendarzowych od dnia otrzymania towaru.<\/li>\n\n\n\n<li>Aby skorzysta\u0107 z prawa odst\u0105pienia od umowy, Klient powinien poinformowa\u0107 Sprzedawc\u0119 o swojej decyzji, sk\u0142adaj\u0105c jednoznaczne o\u015bwiadczenie (np. mailowo lub listownie).<\/li>\n\n\n\n<li>Klient mo\u017ce skorzysta\u0107 z <strong>wzoru formularza zwrotu<\/strong>, ale nie jest to obowi\u0105zkowe. <a href=\"https:\/\/grazo.pl\/?page_id=105\" data-type=\"link\" data-id=\"https:\/\/grazo.pl\/?page_id=105\">Link do pobrania formularza zwrotu<\/a><\/li>\n<\/ol>\n\n\n\n<p><strong>\u00a72. Zwrot towaru<\/strong><\/p>\n\n\n\n<ol class=\"wp-block-list\">\n<li>Zwrotu nale\u017cy dokona\u0107 niezw\u0142ocznie, nie p\u00f3\u017aniej ni\u017c 14 dni od dnia poinformowania Sprzedawcy o odst\u0105pieniu od umowy.<\/li>\n\n\n\n<li>Zwracany towar powinien by\u0107 kompletny i nie nosi\u0107 \u015blad\u00f3w u\u017cytkowania wykraczaj\u0105cych poza konieczne do stwierdzenia charakteru, cech i funkcjonowania towaru.<\/li>\n\n\n\n<li>Towar nale\u017cy odes\u0142a\u0107 na adres:<br><strong>Mateusz Jadczak-Talaga \u2013 GRAZO<\/strong><br>Ku\u017anica Stara 63<br>42-141 Przystaj\u0144<br>tel. kontaktowy: 737472949<br>e-mail: zwroty@grazo.pl<\/li>\n<\/ol>\n\n\n\n<p><strong>\u00a73. Koszty zwrotu<\/strong><\/p>\n\n\n\n<ol class=\"wp-block-list\">\n<li>Bezpo\u015brednie koszty zwrotu towaru ponosi Klient.<\/li>\n\n\n\n<li>W przypadku odst\u0105pienia od umowy, Sprzedawca zwr\u00f3ci Klientowi wszystkie otrzymane od niego p\u0142atno\u015bci, w tym koszty dostarczenia rzeczy (z wyj\u0105tkiem dodatkowych koszt\u00f3w wynikaj\u0105cych z wybranego przez Klienta sposobu dostawy innego ni\u017c najta\u0144szy zwyk\u0142y spos\u00f3b oferowany przez Sprzedawc\u0119).<\/li>\n\n\n\n<li>Zwrot p\u0142atno\u015bci zostanie dokonany nie p\u00f3\u017aniej ni\u017c 14 dni od dnia otrzymania o\u015bwiadczenia o odst\u0105pieniu, jednak Sprzedawca mo\u017ce wstrzyma\u0107 si\u0119 z dokonaniem zwrotu do czasu otrzymania towaru lub dostarczenia dowodu jego odes\u0142ania.<\/li>\n<\/ol>\n\n\n\n<p><strong>\u00a74. Wyj\u0105tki od prawa do odst\u0105pienia od umowy<\/strong><br>Prawo do odst\u0105pienia od umowy nie przys\u0142uguje w przypadkach okre\u015blonych w art. 38 ustawy o prawach konsumenta, m.in. gdy:<\/p>\n\n\n\n<ul class=\"wp-block-list\">\n<li>przedmiotem \u015bwiadczenia jest rzecz wyprodukowana wed\u0142ug specyfikacji Klienta lub s\u0142u\u017c\u0105ca zaspokojeniu jego indywidualnych potrzeb (np. produkty z indywidualnym kolorem lub wymiarem);<\/li>\n\n\n\n<li>towar nosi \u015blady wyra\u017anego zu\u017cycia lub uszkodzenia mechanicznego powsta\u0142ego z winy Klienta.<\/li>\n<\/ul>\n\n\n\n<p><strong>\u00a75. Kontakt i pomoc<\/strong><br>W razie pyta\u0144 lub w\u0105tpliwo\u015bci zwi\u0105zanych ze zwrotem, prosimy o kontakt:<br>\ud83d\udcde Telefon: 737472949<br>\ud83d\udce7 E-mail: zwroty@grazo.pl<\/p>\n\n\n\n<p><\/p>\n\n\n\n<p><\/p>\n","protected":false},"excerpt":{"rendered":"<p>POLITYKA ZWROT\u00d3W \u2013 SKLEPU GRAZO \u00a71. Prawo odst\u0105pienia od umowy (zwrot towaru) \u00a72. Zwrot towaru \u00a73. Koszty zwrotu \u00a74. Wyj\u0105tki od prawa do odst\u0105pienia od umowyPrawo do odst\u0105pienia od umowy nie przys\u0142uguje w przypadkach okre\u015blonych w art. 38 ustawy o prawach konsumenta, m.in. gdy: \u00a75. Kontakt i pomocW razie pyta\u0144 lub w\u0105tpliwo\u015bci zwi\u0105zanych ze zwrotem, [&hellip;]<\/p>\n","protected":false},"author":1,"featured_media":0,"parent":0,"menu_order":0,"comment_status":"closed","ping_status":"closed","template":"","meta":{"footnotes":""},"class_list":["post-10","page","type-page","status-publish","hentry"],"yoast_head":"<!-- This site is optimized with the Yoast SEO plugin v27.4 - https:\/\/yoast.com\/product\/yoast-seo-wordpress\/ -->\n<title>Polityka zwrot\u00f3w - GRAZO.pl<\/title>\n<meta name=\"robots\" content=\"index, follow, max-snippet:-1, max-image-preview:large, max-video-preview:-1\" \/>\n<link rel=\"canonical\" href=\"https:\/\/grazo.pl\/?page_id=10\" \/>\n<meta property=\"og:locale\" content=\"pl_PL\" \/>\n<meta property=\"og:type\" content=\"article\" \/>\n<meta property=\"og:title\" content=\"Polityka zwrot\u00f3w - GRAZO.pl\" \/>\n<meta property=\"og:description\" content=\"POLITYKA ZWROT\u00d3W \u2013 SKLEPU GRAZO \u00a71. Prawo odst\u0105pienia od umowy (zwrot towaru) \u00a72. Zwrot towaru \u00a73. Koszty zwrotu \u00a74. Wyj\u0105tki od prawa do odst\u0105pienia od umowyPrawo do odst\u0105pienia od umowy nie przys\u0142uguje w przypadkach okre\u015blonych w art. 38 ustawy o prawach konsumenta, m.in. gdy: \u00a75. Kontakt i pomocW razie pyta\u0144 lub w\u0105tpliwo\u015bci zwi\u0105zanych ze zwrotem, [&hellip;]\" \/>\n<meta property=\"og:url\" content=\"https:\/\/grazo.pl\/?page_id=10\" \/>\n<meta property=\"og:site_name\" content=\"GRAZO.pl\" \/>\n<meta property=\"article:modified_time\" content=\"2025-05-28T09:28:44+00:00\" \/>\n<meta name=\"twitter:card\" content=\"summary_large_image\" \/>\n<meta name=\"twitter:label1\" content=\"Szacowany czas czytania\" \/>\n\t<meta name=\"twitter:data1\" content=\"2 minuty\" \/>\n<script type=\"application\/ld+json\" class=\"yoast-schema-graph\">{\"@context\":\"https:\\\/\\\/schema.org\",\"@graph\":[{\"@type\":\"WebPage\",\"@id\":\"https:\\\/\\\/grazo.pl\\\/?page_id=10\",\"url\":\"https:\\\/\\\/grazo.pl\\\/?page_id=10\",\"name\":\"Polityka zwrot\u00f3w - GRAZO.pl\",\"isPartOf\":{\"@id\":\"https:\\\/\\\/grazo.pl\\\/#website\"},\"datePublished\":\"2025-05-28T05:55:01+00:00\",\"dateModified\":\"2025-05-28T09:28:44+00:00\",\"breadcrumb\":{\"@id\":\"https:\\\/\\\/grazo.pl\\\/?page_id=10#breadcrumb\"},\"inLanguage\":\"pl-PL\",\"potentialAction\":[{\"@type\":\"ReadAction\",\"target\":[\"https:\\\/\\\/grazo.pl\\\/?page_id=10\"]}]},{\"@type\":\"BreadcrumbList\",\"@id\":\"https:\\\/\\\/grazo.pl\\\/?page_id=10#breadcrumb\",\"itemListElement\":[{\"@type\":\"ListItem\",\"position\":1,\"name\":\"Strona g\u0142\u00f3wna\",\"item\":\"https:\\\/\\\/grazo.pl\\\/\"},{\"@type\":\"ListItem\",\"position\":2,\"name\":\"Polityka zwrot\u00f3w\"}]},{\"@type\":\"WebSite\",\"@id\":\"https:\\\/\\\/grazo.pl\\\/#website\",\"url\":\"https:\\\/\\\/grazo.pl\\\/\",\"name\":\"GRAZO.pl\",\"description\":\"Grazo \u2013 efektywna praca w ogrodzie\",\"potentialAction\":[{\"@type\":\"SearchAction\",\"target\":{\"@type\":\"EntryPoint\",\"urlTemplate\":\"https:\\\/\\\/grazo.pl\\\/?s={search_term_string}\"},\"query-input\":{\"@type\":\"PropertyValueSpecification\",\"valueRequired\":true,\"valueName\":\"search_term_string\"}}],\"inLanguage\":\"pl-PL\"}]}<\/script>\n<!-- \/ Yoast SEO plugin. -->","yoast_head_json":{"title":"Polityka zwrot\u00f3w - GRAZO.pl","robots":{"index":"index","follow":"follow","max-snippet":"max-snippet:-1","max-image-preview":"max-image-preview:large","max-video-preview":"max-video-preview:-1"},"canonical":"https:\/\/grazo.pl\/?page_id=10","og_locale":"pl_PL","og_type":"article","og_title":"Polityka zwrot\u00f3w - GRAZO.pl","og_description":"POLITYKA ZWROT\u00d3W \u2013 SKLEPU GRAZO \u00a71. Prawo odst\u0105pienia od umowy (zwrot towaru) \u00a72. Zwrot towaru \u00a73. Koszty zwrotu \u00a74. Wyj\u0105tki od prawa do odst\u0105pienia od umowyPrawo do odst\u0105pienia od umowy nie przys\u0142uguje w przypadkach okre\u015blonych w art. 38 ustawy o prawach konsumenta, m.in. gdy: \u00a75. Kontakt i pomocW razie pyta\u0144 lub w\u0105tpliwo\u015bci zwi\u0105zanych ze zwrotem, [&hellip;]","og_url":"https:\/\/grazo.pl\/?page_id=10","og_site_name":"GRAZO.pl","article_modified_time":"2025-05-28T09:28:44+00:00","twitter_card":"summary_large_image","twitter_misc":{"Szacowany czas czytania":"2 minuty"},"schema":{"@context":"https:\/\/schema.org","@graph":[{"@type":"WebPage","@id":"https:\/\/grazo.pl\/?page_id=10","url":"https:\/\/grazo.pl\/?page_id=10","name":"Polityka zwrot\u00f3w - GRAZO.pl","isPartOf":{"@id":"https:\/\/grazo.pl\/#website"},"datePublished":"2025-05-28T05:55:01+00:00","dateModified":"2025-05-28T09:28:44+00:00","breadcrumb":{"@id":"https:\/\/grazo.pl\/?page_id=10#breadcrumb"},"inLanguage":"pl-PL","potentialAction":[{"@type":"ReadAction","target":["https:\/\/grazo.pl\/?page_id=10"]}]},{"@type":"BreadcrumbList","@id":"https:\/\/grazo.pl\/?page_id=10#breadcrumb","itemListElement":[{"@type":"ListItem","position":1,"name":"Strona g\u0142\u00f3wna","item":"https:\/\/grazo.pl\/"},{"@type":"ListItem","position":2,"name":"Polityka zwrot\u00f3w"}]},{"@type":"WebSite","@id":"https:\/\/grazo.pl\/#website","url":"https:\/\/grazo.pl\/","name":"GRAZO.pl","description":"Grazo \u2013 efektywna praca w ogrodzie","potentialAction":[{"@type":"SearchAction","target":{"@type":"EntryPoint","urlTemplate":"https:\/\/grazo.pl\/?s={search_term_string}"},"query-input":{"@type":"PropertyValueSpecification","valueRequired":true,"valueName":"search_term_string"}}],"inLanguage":"pl-PL"}]}},"jetpack_sharing_enabled":true,"_links":{"self":[{"href":"https:\/\/grazo.pl\/index.php?rest_route=\/wp\/v2\/pages\/10","targetHints":{"allow":["GET"]}}],"collection":[{"href":"https:\/\/grazo.pl\/index.php?rest_route=\/wp\/v2\/pages"}],"about":[{"href":"https:\/\/grazo.pl\/index.php?rest_route=\/wp\/v2\/types\/page"}],"author":[{"embeddable":true,"href":"https:\/\/grazo.pl\/index.php?rest_route=\/wp\/v2\/users\/1"}],"replies":[{"embeddable":true,"href":"https:\/\/grazo.pl\/index.php?rest_route=%2Fwp%2Fv2%2Fcomments&post=10"}],"version-history":[{"count":3,"href":"https:\/\/grazo.pl\/index.php?rest_route=\/wp\/v2\/pages\/10\/revisions"}],"predecessor-version":[{"id":108,"href":"https:\/\/grazo.pl\/index.php?rest_route=\/wp\/v2\/pages\/10\/revisions\/108"}],"wp:attachment":[{"href":"https:\/\/grazo.pl\/index.php?rest_route=%2Fwp%2Fv2%2Fmedia&parent=10"}],"curies":[{"name":"wp","href":"https:\/\/api.w.org\/{rel}","templated":true}]}}