{"id":105,"date":"2025-05-28T08:52:38","date_gmt":"2025-05-28T06:52:38","guid":{"rendered":"https:\/\/grazo.pl\/?page_id=105"},"modified":"2025-05-28T08:52:38","modified_gmt":"2025-05-28T06:52:38","slug":"formularz-zwrotu","status":"publish","type":"page","link":"https:\/\/grazo.pl\/?page_id=105","title":{"rendered":"Formularz zwrotu"},"content":{"rendered":"\n<p>Sklep internetowy GRAZO<br>W\u0142a\u015bciciel: Mateusz Jadczak-Talaga<br>NIP: 5742085626<br>Adres: Ku\u017anica Stara 63, 42-141 Przystaj\u0144<br>E-mail: <a>zwroty@grazo.pl<\/a><br>Telefon: 737 472 949<\/p>\n\n\n\n<hr class=\"wp-block-separator has-alpha-channel-opacity\"\/>\n\n\n\n<p><strong>DANE KLIENTA<\/strong><br>Imi\u0119 i nazwisko: &#8230;&#8230;&#8230;&#8230;&#8230;&#8230;&#8230;&#8230;&#8230;&#8230;&#8230;&#8230;&#8230;&#8230;&#8230;&#8230;&#8230;&#8230;<br>Adres: &#8230;&#8230;&#8230;&#8230;&#8230;&#8230;&#8230;&#8230;&#8230;&#8230;&#8230;&#8230;&#8230;&#8230;&#8230;&#8230;&#8230;&#8230;&#8230;&#8230;&#8230;&#8230;<br>Telefon: &#8230;&#8230;&#8230;&#8230;&#8230;&#8230;&#8230;&#8230;&#8230;&#8230;&#8230;&#8230;&#8230;&#8230;&#8230;&#8230;&#8230;&#8230;&#8230;&#8230;&#8230;.<br>E-mail: &#8230;&#8230;&#8230;&#8230;&#8230;&#8230;&#8230;&#8230;&#8230;&#8230;&#8230;&#8230;&#8230;&#8230;&#8230;&#8230;&#8230;&#8230;&#8230;&#8230;&#8230;&#8230;.<\/p>\n\n\n\n<hr class=\"wp-block-separator has-alpha-channel-opacity\"\/>\n\n\n\n<p><strong>DANE ZAM\u00d3WIENIA<\/strong><br>Numer zam\u00f3wienia: &#8230;&#8230;&#8230;&#8230;&#8230;&#8230;&#8230;&#8230;&#8230;&#8230;&#8230;&#8230;&#8230;&#8230;&#8230;<br>Data zakupu: &#8230;&#8230;&#8230;&#8230;&#8230;&#8230;&#8230;&#8230;&#8230;&#8230;&#8230;&#8230;&#8230;&#8230;&#8230;&#8230;&#8230;&#8230;<br>Data otrzymania towaru: &#8230;&#8230;&#8230;&#8230;&#8230;&#8230;&#8230;&#8230;&#8230;&#8230;&#8230;&#8230;<\/p>\n\n\n\n<hr class=\"wp-block-separator has-alpha-channel-opacity\"\/>\n\n\n\n<p><strong>DANE ZWRACANEGO PRODUKTU<\/strong><br>Nazwa produktu: &#8230;&#8230;&#8230;&#8230;&#8230;&#8230;&#8230;&#8230;&#8230;&#8230;&#8230;&#8230;&#8230;&#8230;&#8230;&#8230;<br>Ilo\u015b\u0107: &#8230;&#8230;&#8230;&#8230;&#8230;&#8230;&#8230;&#8230;&#8230;&#8230;&#8230;&#8230;&#8230;&#8230;&#8230;&#8230;&#8230;&#8230;&#8230;&#8230;&#8230;..<br>Pow\u00f3d zwrotu (opcjonalnie): &#8230;&#8230;&#8230;&#8230;&#8230;&#8230;&#8230;&#8230;&#8230;&#8230;&#8230;..<\/p>\n\n\n\n<hr class=\"wp-block-separator has-alpha-channel-opacity\"\/>\n\n\n\n<p><strong>DANE DO ZWROTU \u015aRODK\u00d3W<\/strong><br>Imi\u0119 i nazwisko w\u0142a\u015bciciela konta: &#8230;&#8230;&#8230;&#8230;&#8230;&#8230;..<br>Numer konta bankowego (IBAN): &#8230;&#8230;&#8230;&#8230;&#8230;&#8230;&#8230;<\/p>\n\n\n\n<hr class=\"wp-block-separator has-alpha-channel-opacity\"\/>\n\n\n\n<p><strong>O\u015aWIADCZENIE KLIENTA<\/strong><br>O\u015bwiadczam, \u017ce zgodnie z ustaw\u0105 z dnia 30 maja 2014 r. o prawach konsumenta odst\u0119puj\u0119 od umowy sprzeda\u017cy powy\u017cszego towaru w terminie 14 dni od daty otrzymania przesy\u0142ki.<\/p>\n\n\n\n<p>&#8230;&#8230;&#8230;&#8230;&#8230;&#8230;&#8230;&#8230;&#8230;&#8230;&#8230;&#8230;&#8230;&#8230;<br>(czytelny podpis klienta)<\/p>\n\n\n\n<p>Data: &#8230;&#8230;&#8230;&#8230;&#8230;&#8230;&#8230;&#8230;<\/p>\n","protected":false},"excerpt":{"rendered":"<p>Sklep internetowy GRAZOW\u0142a\u015bciciel: Mateusz Jadczak-TalagaNIP: 5742085626Adres: Ku\u017anica Stara 63, 42-141 Przystaj\u0144E-mail: zwroty@grazo.plTelefon: 737 472 949 DANE KLIENTAImi\u0119 i nazwisko: &#8230;&#8230;&#8230;&#8230;&#8230;&#8230;&#8230;&#8230;&#8230;&#8230;&#8230;&#8230;&#8230;&#8230;&#8230;&#8230;&#8230;&#8230;Adres: &#8230;&#8230;&#8230;&#8230;&#8230;&#8230;&#8230;&#8230;&#8230;&#8230;&#8230;&#8230;&#8230;&#8230;&#8230;&#8230;&#8230;&#8230;&#8230;&#8230;&#8230;&#8230;Telefon: &#8230;&#8230;&#8230;&#8230;&#8230;&#8230;&#8230;&#8230;&#8230;&#8230;&#8230;&#8230;&#8230;&#8230;&#8230;&#8230;&#8230;&#8230;&#8230;&#8230;&#8230;.E-mail: &#8230;&#8230;&#8230;&#8230;&#8230;&#8230;&#8230;&#8230;&#8230;&#8230;&#8230;&#8230;&#8230;&#8230;&#8230;&#8230;&#8230;&#8230;&#8230;&#8230;&#8230;&#8230;. DANE ZAM\u00d3WIENIANumer zam\u00f3wienia: &#8230;&#8230;&#8230;&#8230;&#8230;&#8230;&#8230;&#8230;&#8230;&#8230;&#8230;&#8230;&#8230;&#8230;&#8230;Data zakupu: &#8230;&#8230;&#8230;&#8230;&#8230;&#8230;&#8230;&#8230;&#8230;&#8230;&#8230;&#8230;&#8230;&#8230;&#8230;&#8230;&#8230;&#8230;Data otrzymania towaru: &#8230;&#8230;&#8230;&#8230;&#8230;&#8230;&#8230;&#8230;&#8230;&#8230;&#8230;&#8230; DANE ZWRACANEGO PRODUKTUNazwa produktu: &#8230;&#8230;&#8230;&#8230;&#8230;&#8230;&#8230;&#8230;&#8230;&#8230;&#8230;&#8230;&#8230;&#8230;&#8230;&#8230;Ilo\u015b\u0107: &#8230;&#8230;&#8230;&#8230;&#8230;&#8230;&#8230;&#8230;&#8230;&#8230;&#8230;&#8230;&#8230;&#8230;&#8230;&#8230;&#8230;&#8230;&#8230;&#8230;&#8230;..Pow\u00f3d zwrotu (opcjonalnie): &#8230;&#8230;&#8230;&#8230;&#8230;&#8230;&#8230;&#8230;&#8230;&#8230;&#8230;.. DANE DO ZWROTU \u015aRODK\u00d3WImi\u0119 i nazwisko w\u0142a\u015bciciela konta: &#8230;&#8230;&#8230;&#8230;&#8230;&#8230;..Numer konta bankowego (IBAN): &#8230;&#8230;&#8230;&#8230;&#8230;&#8230;&#8230; O\u015aWIADCZENIE [&hellip;]<\/p>\n","protected":false},"author":1,"featured_media":0,"parent":0,"menu_order":0,"comment_status":"closed","ping_status":"closed","template":"","meta":{"footnotes":""},"class_list":["post-105","page","type-page","status-publish","hentry"],"yoast_head":"<!-- This site is optimized with the Yoast SEO plugin v27.4 - https:\/\/yoast.com\/product\/yoast-seo-wordpress\/ -->\n<title>Formularz zwrotu - GRAZO.pl<\/title>\n<meta name=\"robots\" content=\"index, follow, max-snippet:-1, max-image-preview:large, max-video-preview:-1\" \/>\n<link rel=\"canonical\" href=\"https:\/\/grazo.pl\/?page_id=105\" \/>\n<meta property=\"og:locale\" content=\"pl_PL\" \/>\n<meta property=\"og:type\" content=\"article\" \/>\n<meta property=\"og:title\" content=\"Formularz zwrotu - GRAZO.pl\" \/>\n<meta property=\"og:description\" content=\"Sklep internetowy GRAZOW\u0142a\u015bciciel: Mateusz Jadczak-TalagaNIP: 5742085626Adres: Ku\u017anica Stara 63, 42-141 Przystaj\u0144E-mail: zwroty@grazo.plTelefon: 737 472 949 DANE KLIENTAImi\u0119 i nazwisko: &#8230;&#8230;&#8230;&#8230;&#8230;&#8230;&#8230;&#8230;&#8230;&#8230;&#8230;&#8230;&#8230;&#8230;&#8230;&#8230;&#8230;&#8230;Adres: &#8230;&#8230;&#8230;&#8230;&#8230;&#8230;&#8230;&#8230;&#8230;&#8230;&#8230;&#8230;&#8230;&#8230;&#8230;&#8230;&#8230;&#8230;&#8230;&#8230;&#8230;&#8230;Telefon: &#8230;&#8230;&#8230;&#8230;&#8230;&#8230;&#8230;&#8230;&#8230;&#8230;&#8230;&#8230;&#8230;&#8230;&#8230;&#8230;&#8230;&#8230;&#8230;&#8230;&#8230;.E-mail: &#8230;&#8230;&#8230;&#8230;&#8230;&#8230;&#8230;&#8230;&#8230;&#8230;&#8230;&#8230;&#8230;&#8230;&#8230;&#8230;&#8230;&#8230;&#8230;&#8230;&#8230;&#8230;. DANE ZAM\u00d3WIENIANumer zam\u00f3wienia: &#8230;&#8230;&#8230;&#8230;&#8230;&#8230;&#8230;&#8230;&#8230;&#8230;&#8230;&#8230;&#8230;&#8230;&#8230;Data zakupu: &#8230;&#8230;&#8230;&#8230;&#8230;&#8230;&#8230;&#8230;&#8230;&#8230;&#8230;&#8230;&#8230;&#8230;&#8230;&#8230;&#8230;&#8230;Data otrzymania towaru: &#8230;&#8230;&#8230;&#8230;&#8230;&#8230;&#8230;&#8230;&#8230;&#8230;&#8230;&#8230; DANE ZWRACANEGO PRODUKTUNazwa produktu: &#8230;&#8230;&#8230;&#8230;&#8230;&#8230;&#8230;&#8230;&#8230;&#8230;&#8230;&#8230;&#8230;&#8230;&#8230;&#8230;Ilo\u015b\u0107: &#8230;&#8230;&#8230;&#8230;&#8230;&#8230;&#8230;&#8230;&#8230;&#8230;&#8230;&#8230;&#8230;&#8230;&#8230;&#8230;&#8230;&#8230;&#8230;&#8230;&#8230;..Pow\u00f3d zwrotu (opcjonalnie): &#8230;&#8230;&#8230;&#8230;&#8230;&#8230;&#8230;&#8230;&#8230;&#8230;&#8230;.. DANE DO ZWROTU \u015aRODK\u00d3WImi\u0119 i nazwisko w\u0142a\u015bciciela konta: &#8230;&#8230;&#8230;&#8230;&#8230;&#8230;..Numer konta bankowego (IBAN): &#8230;&#8230;&#8230;&#8230;&#8230;&#8230;&#8230; O\u015aWIADCZENIE [&hellip;]\" \/>\n<meta property=\"og:url\" content=\"https:\/\/grazo.pl\/?page_id=105\" \/>\n<meta property=\"og:site_name\" content=\"GRAZO.pl\" \/>\n<meta name=\"twitter:card\" content=\"summary_large_image\" \/>\n<script type=\"application\/ld+json\" class=\"yoast-schema-graph\">{\"@context\":\"https:\\\/\\\/schema.org\",\"@graph\":[{\"@type\":\"WebPage\",\"@id\":\"https:\\\/\\\/grazo.pl\\\/?page_id=105\",\"url\":\"https:\\\/\\\/grazo.pl\\\/?page_id=105\",\"name\":\"Formularz zwrotu - GRAZO.pl\",\"isPartOf\":{\"@id\":\"https:\\\/\\\/grazo.pl\\\/#website\"},\"datePublished\":\"2025-05-28T06:52:38+00:00\",\"breadcrumb\":{\"@id\":\"https:\\\/\\\/grazo.pl\\\/?page_id=105#breadcrumb\"},\"inLanguage\":\"pl-PL\",\"potentialAction\":[{\"@type\":\"ReadAction\",\"target\":[\"https:\\\/\\\/grazo.pl\\\/?page_id=105\"]}]},{\"@type\":\"BreadcrumbList\",\"@id\":\"https:\\\/\\\/grazo.pl\\\/?page_id=105#breadcrumb\",\"itemListElement\":[{\"@type\":\"ListItem\",\"position\":1,\"name\":\"Strona g\u0142\u00f3wna\",\"item\":\"https:\\\/\\\/grazo.pl\\\/\"},{\"@type\":\"ListItem\",\"position\":2,\"name\":\"Formularz zwrotu\"}]},{\"@type\":\"WebSite\",\"@id\":\"https:\\\/\\\/grazo.pl\\\/#website\",\"url\":\"https:\\\/\\\/grazo.pl\\\/\",\"name\":\"GRAZO.pl\",\"description\":\"Grazo \u2013 efektywna praca w ogrodzie\",\"potentialAction\":[{\"@type\":\"SearchAction\",\"target\":{\"@type\":\"EntryPoint\",\"urlTemplate\":\"https:\\\/\\\/grazo.pl\\\/?s={search_term_string}\"},\"query-input\":{\"@type\":\"PropertyValueSpecification\",\"valueRequired\":true,\"valueName\":\"search_term_string\"}}],\"inLanguage\":\"pl-PL\"}]}<\/script>\n<!-- \/ Yoast SEO plugin. -->","yoast_head_json":{"title":"Formularz zwrotu - GRAZO.pl","robots":{"index":"index","follow":"follow","max-snippet":"max-snippet:-1","max-image-preview":"max-image-preview:large","max-video-preview":"max-video-preview:-1"},"canonical":"https:\/\/grazo.pl\/?page_id=105","og_locale":"pl_PL","og_type":"article","og_title":"Formularz zwrotu - GRAZO.pl","og_description":"Sklep internetowy GRAZOW\u0142a\u015bciciel: Mateusz Jadczak-TalagaNIP: 5742085626Adres: Ku\u017anica Stara 63, 42-141 Przystaj\u0144E-mail: zwroty@grazo.plTelefon: 737 472 949 DANE KLIENTAImi\u0119 i nazwisko: &#8230;&#8230;&#8230;&#8230;&#8230;&#8230;&#8230;&#8230;&#8230;&#8230;&#8230;&#8230;&#8230;&#8230;&#8230;&#8230;&#8230;&#8230;Adres: &#8230;&#8230;&#8230;&#8230;&#8230;&#8230;&#8230;&#8230;&#8230;&#8230;&#8230;&#8230;&#8230;&#8230;&#8230;&#8230;&#8230;&#8230;&#8230;&#8230;&#8230;&#8230;Telefon: &#8230;&#8230;&#8230;&#8230;&#8230;&#8230;&#8230;&#8230;&#8230;&#8230;&#8230;&#8230;&#8230;&#8230;&#8230;&#8230;&#8230;&#8230;&#8230;&#8230;&#8230;.E-mail: &#8230;&#8230;&#8230;&#8230;&#8230;&#8230;&#8230;&#8230;&#8230;&#8230;&#8230;&#8230;&#8230;&#8230;&#8230;&#8230;&#8230;&#8230;&#8230;&#8230;&#8230;&#8230;. DANE ZAM\u00d3WIENIANumer zam\u00f3wienia: &#8230;&#8230;&#8230;&#8230;&#8230;&#8230;&#8230;&#8230;&#8230;&#8230;&#8230;&#8230;&#8230;&#8230;&#8230;Data zakupu: &#8230;&#8230;&#8230;&#8230;&#8230;&#8230;&#8230;&#8230;&#8230;&#8230;&#8230;&#8230;&#8230;&#8230;&#8230;&#8230;&#8230;&#8230;Data otrzymania towaru: &#8230;&#8230;&#8230;&#8230;&#8230;&#8230;&#8230;&#8230;&#8230;&#8230;&#8230;&#8230; DANE ZWRACANEGO PRODUKTUNazwa produktu: &#8230;&#8230;&#8230;&#8230;&#8230;&#8230;&#8230;&#8230;&#8230;&#8230;&#8230;&#8230;&#8230;&#8230;&#8230;&#8230;Ilo\u015b\u0107: &#8230;&#8230;&#8230;&#8230;&#8230;&#8230;&#8230;&#8230;&#8230;&#8230;&#8230;&#8230;&#8230;&#8230;&#8230;&#8230;&#8230;&#8230;&#8230;&#8230;&#8230;..Pow\u00f3d zwrotu (opcjonalnie): &#8230;&#8230;&#8230;&#8230;&#8230;&#8230;&#8230;&#8230;&#8230;&#8230;&#8230;.. DANE DO ZWROTU \u015aRODK\u00d3WImi\u0119 i nazwisko w\u0142a\u015bciciela konta: &#8230;&#8230;&#8230;&#8230;&#8230;&#8230;..Numer konta bankowego (IBAN): &#8230;&#8230;&#8230;&#8230;&#8230;&#8230;&#8230; O\u015aWIADCZENIE [&hellip;]","og_url":"https:\/\/grazo.pl\/?page_id=105","og_site_name":"GRAZO.pl","twitter_card":"summary_large_image","schema":{"@context":"https:\/\/schema.org","@graph":[{"@type":"WebPage","@id":"https:\/\/grazo.pl\/?page_id=105","url":"https:\/\/grazo.pl\/?page_id=105","name":"Formularz zwrotu - GRAZO.pl","isPartOf":{"@id":"https:\/\/grazo.pl\/#website"},"datePublished":"2025-05-28T06:52:38+00:00","breadcrumb":{"@id":"https:\/\/grazo.pl\/?page_id=105#breadcrumb"},"inLanguage":"pl-PL","potentialAction":[{"@type":"ReadAction","target":["https:\/\/grazo.pl\/?page_id=105"]}]},{"@type":"BreadcrumbList","@id":"https:\/\/grazo.pl\/?page_id=105#breadcrumb","itemListElement":[{"@type":"ListItem","position":1,"name":"Strona g\u0142\u00f3wna","item":"https:\/\/grazo.pl\/"},{"@type":"ListItem","position":2,"name":"Formularz zwrotu"}]},{"@type":"WebSite","@id":"https:\/\/grazo.pl\/#website","url":"https:\/\/grazo.pl\/","name":"GRAZO.pl","description":"Grazo \u2013 efektywna praca w ogrodzie","potentialAction":[{"@type":"SearchAction","target":{"@type":"EntryPoint","urlTemplate":"https:\/\/grazo.pl\/?s={search_term_string}"},"query-input":{"@type":"PropertyValueSpecification","valueRequired":true,"valueName":"search_term_string"}}],"inLanguage":"pl-PL"}]}},"jetpack_sharing_enabled":true,"_links":{"self":[{"href":"https:\/\/grazo.pl\/index.php?rest_route=\/wp\/v2\/pages\/105","targetHints":{"allow":["GET"]}}],"collection":[{"href":"https:\/\/grazo.pl\/index.php?rest_route=\/wp\/v2\/pages"}],"about":[{"href":"https:\/\/grazo.pl\/index.php?rest_route=\/wp\/v2\/types\/page"}],"author":[{"embeddable":true,"href":"https:\/\/grazo.pl\/index.php?rest_route=\/wp\/v2\/users\/1"}],"replies":[{"embeddable":true,"href":"https:\/\/grazo.pl\/index.php?rest_route=%2Fwp%2Fv2%2Fcomments&post=105"}],"version-history":[{"count":1,"href":"https:\/\/grazo.pl\/index.php?rest_route=\/wp\/v2\/pages\/105\/revisions"}],"predecessor-version":[{"id":106,"href":"https:\/\/grazo.pl\/index.php?rest_route=\/wp\/v2\/pages\/105\/revisions\/106"}],"wp:attachment":[{"href":"https:\/\/grazo.pl\/index.php?rest_route=%2Fwp%2Fv2%2Fmedia&parent=105"}],"curies":[{"name":"wp","href":"https:\/\/api.w.org\/{rel}","templated":true}]}}