{"id":143,"date":"2025-06-02T22:20:59","date_gmt":"2025-06-02T20:20:59","guid":{"rendered":"https:\/\/grazo.pl\/?page_id=143"},"modified":"2025-06-02T22:20:59","modified_gmt":"2025-06-02T20:20:59","slug":"polityka-cookies","status":"publish","type":"page","link":"https:\/\/grazo.pl\/?page_id=143","title":{"rendered":"Polityka cookies"},"content":{"rendered":"\n<ol class=\"wp-block-list\">\n<li>Administrator wykorzystuje pliki cookies (ciasteczka), czyli niewielkie informacje tekstowe,<br>przechowywane na urz\u0105dzeniu ko\u0144cowym U\u017cytkownika (np. komputerze, tablecie, smartfonie).<br>Cookies mog\u0105 by\u0107 odczytywane przez system teleinformatyczny Administratora.<\/li>\n\n\n\n<li>Administrator przechowuje pliki cookies na urz\u0105dzeniu ko\u0144cowym U\u017cytkownika, a nast\u0119pnie<br>uzyskuje dost\u0119p do informacji w nich zawartych w celach:<\/li>\n<\/ol>\n\n\n\n<ul class=\"wp-block-list\">\n<li>tworzenia statystyk, kt\u00f3re pomagaj\u0105 zrozumie\u0107, w jaki spos\u00f3b U\u017cytkownicy korzystaj\u0105 ze<br>stron internetowych, co umo\u017cliwia ulepszanie ich struktury i zawarto\u015bci;<\/li>\n\n\n\n<li>marketingowych (remarketing);<\/li>\n\n\n\n<li>okre\u015blania profilu U\u017cytkownika w celu wy\u015bwietlania mu dopasowanych materia\u0142\u00f3w<br>w sieciach reklamowych, w szczeg\u00f3lno\u015bci sieci Google;<\/li>\n\n\n\n<li>zapewnienia prawid\u0142owego dzia\u0142ania Sklepu.<\/li>\n<\/ul>\n\n\n\n<ol class=\"wp-block-list\">\n<li>Istnieje mo\u017cliwo\u015b\u0107 takiej konfiguracji przegl\u0105darki internetowej przez U\u017cytkownika, kt\u00f3ra<br>uniemo\u017cliwia przechowywanie plik\u00f3w cookies na urz\u0105dzeniu ko\u0144cowym. Jednak, w takiej sytuacji,<br>korzystanie ze strony internetowej przez U\u017cytkownika mo\u017ce by\u0107 utrudnione.<\/li>\n\n\n\n<li>Pliki cookies mog\u0105 by\u0107 przez U\u017cytkownika usuni\u0119te po ich zapisaniu poprzez odpowiednie funkcje<br>przegl\u0105darki internetowej, programy s\u0142u\u017c\u0105ce w tym celu lub skorzystanie z odpowiednich narz\u0119dzi<br>dost\u0119pnych w ramach systemu operacyjnego, z kt\u00f3rego korzysta U\u017cytkownik.<\/li>\n\n\n\n<li>Pod tymi linkami zamieszczone s\u0105 informacje o sposobach usuni\u0119cia cookies w najpopularniejszych<br>przegl\u0105darkach internetowych:<\/li>\n<\/ol>\n\n\n\n<ul class=\"wp-block-list\">\n<li>Firefox: http:\/\/support.mozilla.org\/pl\/kb\/usuwanie-ciasteczek ;<\/li>\n\n\n\n<li>Opera: http:\/\/help.opera.com\/Linux\/9.60\/pl\/cookies.html ;<\/li>\n\n\n\n<li>Internet Explorer: http:\/\/support.microsoft.com\/kb\/278835\/pl ;<\/li>\n\n\n\n<li>Chrome: http:\/\/support.google.com\/chrome\/bin\/answer.py?hl=pl&amp;answer=95647 ;<\/li>\n\n\n\n<li>Safari: http:\/\/support.apple.com\/kb\/HT1677?viewlocale=pl_PL.<\/li>\n<\/ul>\n\n\n\n<p><\/p>\n","protected":false},"excerpt":{"rendered":"","protected":false},"author":1,"featured_media":0,"parent":0,"menu_order":0,"comment_status":"closed","ping_status":"closed","template":"","meta":{"footnotes":""},"class_list":["post-143","page","type-page","status-publish","hentry"],"yoast_head":"<!-- This site is optimized with the Yoast SEO plugin v27.4 - https:\/\/yoast.com\/product\/yoast-seo-wordpress\/ -->\n<title>Polityka cookies - GRAZO.pl<\/title>\n<meta name=\"robots\" content=\"index, follow, max-snippet:-1, max-image-preview:large, max-video-preview:-1\" \/>\n<link rel=\"canonical\" href=\"https:\/\/grazo.pl\/?page_id=143\" \/>\n<meta property=\"og:locale\" content=\"pl_PL\" \/>\n<meta property=\"og:type\" content=\"article\" \/>\n<meta property=\"og:title\" content=\"Polityka cookies - GRAZO.pl\" \/>\n<meta property=\"og:url\" content=\"https:\/\/grazo.pl\/?page_id=143\" \/>\n<meta property=\"og:site_name\" content=\"GRAZO.pl\" \/>\n<meta name=\"twitter:card\" content=\"summary_large_image\" \/>\n<meta name=\"twitter:label1\" content=\"Szacowany czas czytania\" \/>\n\t<meta name=\"twitter:data1\" content=\"1 minuta\" \/>\n<script type=\"application\/ld+json\" class=\"yoast-schema-graph\">{\"@context\":\"https:\\\/\\\/schema.org\",\"@graph\":[{\"@type\":\"WebPage\",\"@id\":\"https:\\\/\\\/grazo.pl\\\/?page_id=143\",\"url\":\"https:\\\/\\\/grazo.pl\\\/?page_id=143\",\"name\":\"Polityka cookies - GRAZO.pl\",\"isPartOf\":{\"@id\":\"https:\\\/\\\/grazo.pl\\\/#website\"},\"datePublished\":\"2025-06-02T20:20:59+00:00\",\"breadcrumb\":{\"@id\":\"https:\\\/\\\/grazo.pl\\\/?page_id=143#breadcrumb\"},\"inLanguage\":\"pl-PL\",\"potentialAction\":[{\"@type\":\"ReadAction\",\"target\":[\"https:\\\/\\\/grazo.pl\\\/?page_id=143\"]}]},{\"@type\":\"BreadcrumbList\",\"@id\":\"https:\\\/\\\/grazo.pl\\\/?page_id=143#breadcrumb\",\"itemListElement\":[{\"@type\":\"ListItem\",\"position\":1,\"name\":\"Strona g\u0142\u00f3wna\",\"item\":\"https:\\\/\\\/grazo.pl\\\/\"},{\"@type\":\"ListItem\",\"position\":2,\"name\":\"Polityka cookies\"}]},{\"@type\":\"WebSite\",\"@id\":\"https:\\\/\\\/grazo.pl\\\/#website\",\"url\":\"https:\\\/\\\/grazo.pl\\\/\",\"name\":\"GRAZO.pl\",\"description\":\"Grazo \u2013 efektywna praca w ogrodzie\",\"potentialAction\":[{\"@type\":\"SearchAction\",\"target\":{\"@type\":\"EntryPoint\",\"urlTemplate\":\"https:\\\/\\\/grazo.pl\\\/?s={search_term_string}\"},\"query-input\":{\"@type\":\"PropertyValueSpecification\",\"valueRequired\":true,\"valueName\":\"search_term_string\"}}],\"inLanguage\":\"pl-PL\"}]}<\/script>\n<!-- \/ Yoast SEO plugin. -->","yoast_head_json":{"title":"Polityka cookies - GRAZO.pl","robots":{"index":"index","follow":"follow","max-snippet":"max-snippet:-1","max-image-preview":"max-image-preview:large","max-video-preview":"max-video-preview:-1"},"canonical":"https:\/\/grazo.pl\/?page_id=143","og_locale":"pl_PL","og_type":"article","og_title":"Polityka cookies - GRAZO.pl","og_url":"https:\/\/grazo.pl\/?page_id=143","og_site_name":"GRAZO.pl","twitter_card":"summary_large_image","twitter_misc":{"Szacowany czas czytania":"1 minuta"},"schema":{"@context":"https:\/\/schema.org","@graph":[{"@type":"WebPage","@id":"https:\/\/grazo.pl\/?page_id=143","url":"https:\/\/grazo.pl\/?page_id=143","name":"Polityka cookies - GRAZO.pl","isPartOf":{"@id":"https:\/\/grazo.pl\/#website"},"datePublished":"2025-06-02T20:20:59+00:00","breadcrumb":{"@id":"https:\/\/grazo.pl\/?page_id=143#breadcrumb"},"inLanguage":"pl-PL","potentialAction":[{"@type":"ReadAction","target":["https:\/\/grazo.pl\/?page_id=143"]}]},{"@type":"BreadcrumbList","@id":"https:\/\/grazo.pl\/?page_id=143#breadcrumb","itemListElement":[{"@type":"ListItem","position":1,"name":"Strona g\u0142\u00f3wna","item":"https:\/\/grazo.pl\/"},{"@type":"ListItem","position":2,"name":"Polityka cookies"}]},{"@type":"WebSite","@id":"https:\/\/grazo.pl\/#website","url":"https:\/\/grazo.pl\/","name":"GRAZO.pl","description":"Grazo \u2013 efektywna praca w ogrodzie","potentialAction":[{"@type":"SearchAction","target":{"@type":"EntryPoint","urlTemplate":"https:\/\/grazo.pl\/?s={search_term_string}"},"query-input":{"@type":"PropertyValueSpecification","valueRequired":true,"valueName":"search_term_string"}}],"inLanguage":"pl-PL"}]}},"jetpack_sharing_enabled":true,"_links":{"self":[{"href":"https:\/\/grazo.pl\/index.php?rest_route=\/wp\/v2\/pages\/143","targetHints":{"allow":["GET"]}}],"collection":[{"href":"https:\/\/grazo.pl\/index.php?rest_route=\/wp\/v2\/pages"}],"about":[{"href":"https:\/\/grazo.pl\/index.php?rest_route=\/wp\/v2\/types\/page"}],"author":[{"embeddable":true,"href":"https:\/\/grazo.pl\/index.php?rest_route=\/wp\/v2\/users\/1"}],"replies":[{"embeddable":true,"href":"https:\/\/grazo.pl\/index.php?rest_route=%2Fwp%2Fv2%2Fcomments&post=143"}],"version-history":[{"count":1,"href":"https:\/\/grazo.pl\/index.php?rest_route=\/wp\/v2\/pages\/143\/revisions"}],"predecessor-version":[{"id":144,"href":"https:\/\/grazo.pl\/index.php?rest_route=\/wp\/v2\/pages\/143\/revisions\/144"}],"wp:attachment":[{"href":"https:\/\/grazo.pl\/index.php?rest_route=%2Fwp%2Fv2%2Fmedia&parent=143"}],"curies":[{"name":"wp","href":"https:\/\/api.w.org\/{rel}","templated":true}]}}