{"id":147,"date":"2025-06-02T22:29:36","date_gmt":"2025-06-02T20:29:36","guid":{"rendered":"https:\/\/grazo.pl\/?page_id=147"},"modified":"2025-06-02T22:29:36","modified_gmt":"2025-06-02T20:29:36","slug":"%f0%9f%92%b3-formy-platnosci-grazo","status":"publish","type":"page","link":"https:\/\/grazo.pl\/?page_id=147","title":{"rendered":"\ud83d\udcb3 Formy p\u0142atno\u015bci \u2013 GRAZO"},"content":{"rendered":"\n<p><\/p>\n\n\n\n<p>W naszym sklepie oferujemy dwie wygodne formy p\u0142atno\u015bci:<\/p>\n\n\n\n<hr class=\"wp-block-separator has-alpha-channel-opacity\"\/>\n\n\n\n<h3 class=\"wp-block-heading\">1. <strong>P\u0142atno\u015b\u0107 online \u2013 imoje (ING Bank \u015al\u0105ski)<\/strong><\/h3>\n\n\n\n<p>Za zam\u00f3wienie mo\u017cesz zap\u0142aci\u0107 szybko i bezpiecznie przez system p\u0142atno\u015bci online <strong>imoje<\/strong>, obs\u0142ugiwany przez ING Bank \u015al\u0105ski.<\/p>\n\n\n\n<p>Dost\u0119pne metody p\u0142atno\u015bci w imoje:<\/p>\n\n\n\n<ul class=\"wp-block-list\">\n<li>BLIK<\/li>\n\n\n\n<li>Przelewy online (szybkie przelewy z wi\u0119kszo\u015bci bank\u00f3w)<\/li>\n\n\n\n<li>Karta p\u0142atnicza (Visa, Mastercard)<\/li>\n\n\n\n<li>Apple Pay \/ Google Pay<\/li>\n<\/ul>\n\n\n\n<p>Po wybraniu tej opcji zostaniesz przekierowany na bezpieczn\u0105 stron\u0119 p\u0142atno\u015bci imoje.<\/p>\n\n\n\n<hr class=\"wp-block-separator has-alpha-channel-opacity\"\/>\n\n\n\n<h3 class=\"wp-block-heading\">2. <strong>P\u0142atno\u015b\u0107 przy odbiorze (COD \u2013 Cash on Delivery)<\/strong><\/h3>\n\n\n\n<p>Za zam\u00f3wienie mo\u017cesz r\u00f3wnie\u017c zap\u0142aci\u0107 <strong>got\u00f3wk\u0105 lub kart\u0105<\/strong> kurierowi <strong>FedEx<\/strong> przy odbiorze przesy\u0142ki.<\/p>\n\n\n\n<p>Uwaga: P\u0142atno\u015b\u0107 przy odbiorze mo\u017ce wi\u0105za\u0107 si\u0119 z dodatkowymi kosztami obs\u0142ugi ze strony przewo\u017anika.<\/p>\n\n\n\n<hr class=\"wp-block-separator has-alpha-channel-opacity\"\/>\n\n\n\n<h3 class=\"wp-block-heading\">\ud83d\udd12 Bezpiecze\u0144stwo<\/h3>\n\n\n\n<p>Wszystkie p\u0142atno\u015bci s\u0105 realizowane za po\u015brednictwem certyfikowanych operator\u00f3w, z zachowaniem najwy\u017cszych standard\u00f3w bezpiecze\u0144stwa.<\/p>\n","protected":false},"excerpt":{"rendered":"<p>W naszym sklepie oferujemy dwie wygodne formy p\u0142atno\u015bci: 1. P\u0142atno\u015b\u0107 online \u2013 imoje (ING Bank \u015al\u0105ski) Za zam\u00f3wienie mo\u017cesz zap\u0142aci\u0107 szybko i bezpiecznie przez system p\u0142atno\u015bci online imoje, obs\u0142ugiwany przez ING Bank \u015al\u0105ski. Dost\u0119pne metody p\u0142atno\u015bci w imoje: Po wybraniu tej opcji zostaniesz przekierowany na bezpieczn\u0105 stron\u0119 p\u0142atno\u015bci imoje. 2. P\u0142atno\u015b\u0107 przy odbiorze (COD \u2013 [&hellip;]<\/p>\n","protected":false},"author":1,"featured_media":0,"parent":0,"menu_order":0,"comment_status":"closed","ping_status":"closed","template":"","meta":{"footnotes":""},"class_list":["post-147","page","type-page","status-publish","hentry"],"yoast_head":"<!-- This site is optimized with the Yoast SEO plugin v27.4 - https:\/\/yoast.com\/product\/yoast-seo-wordpress\/ -->\n<title>\ud83d\udcb3 Formy p\u0142atno\u015bci \u2013 GRAZO - GRAZO.pl<\/title>\n<meta name=\"robots\" content=\"index, follow, max-snippet:-1, max-image-preview:large, max-video-preview:-1\" \/>\n<link rel=\"canonical\" href=\"https:\/\/grazo.pl\/?page_id=147\" \/>\n<meta property=\"og:locale\" content=\"pl_PL\" \/>\n<meta property=\"og:type\" content=\"article\" \/>\n<meta property=\"og:title\" content=\"\ud83d\udcb3 Formy p\u0142atno\u015bci \u2013 GRAZO - GRAZO.pl\" \/>\n<meta property=\"og:description\" content=\"W naszym sklepie oferujemy dwie wygodne formy p\u0142atno\u015bci: 1. P\u0142atno\u015b\u0107 online \u2013 imoje (ING Bank \u015al\u0105ski) Za zam\u00f3wienie mo\u017cesz zap\u0142aci\u0107 szybko i bezpiecznie przez system p\u0142atno\u015bci online imoje, obs\u0142ugiwany przez ING Bank \u015al\u0105ski. Dost\u0119pne metody p\u0142atno\u015bci w imoje: Po wybraniu tej opcji zostaniesz przekierowany na bezpieczn\u0105 stron\u0119 p\u0142atno\u015bci imoje. 2. P\u0142atno\u015b\u0107 przy odbiorze (COD \u2013 [&hellip;]\" \/>\n<meta property=\"og:url\" content=\"https:\/\/grazo.pl\/?page_id=147\" \/>\n<meta property=\"og:site_name\" content=\"GRAZO.pl\" \/>\n<meta name=\"twitter:card\" content=\"summary_large_image\" \/>\n<meta name=\"twitter:label1\" content=\"Szacowany czas czytania\" \/>\n\t<meta name=\"twitter:data1\" content=\"1 minuta\" \/>\n<script type=\"application\/ld+json\" class=\"yoast-schema-graph\">{\"@context\":\"https:\\\/\\\/schema.org\",\"@graph\":[{\"@type\":\"WebPage\",\"@id\":\"https:\\\/\\\/grazo.pl\\\/?page_id=147\",\"url\":\"https:\\\/\\\/grazo.pl\\\/?page_id=147\",\"name\":\"\ud83d\udcb3 Formy p\u0142atno\u015bci \u2013 GRAZO - GRAZO.pl\",\"isPartOf\":{\"@id\":\"https:\\\/\\\/grazo.pl\\\/#website\"},\"datePublished\":\"2025-06-02T20:29:36+00:00\",\"breadcrumb\":{\"@id\":\"https:\\\/\\\/grazo.pl\\\/?page_id=147#breadcrumb\"},\"inLanguage\":\"pl-PL\",\"potentialAction\":[{\"@type\":\"ReadAction\",\"target\":[\"https:\\\/\\\/grazo.pl\\\/?page_id=147\"]}]},{\"@type\":\"BreadcrumbList\",\"@id\":\"https:\\\/\\\/grazo.pl\\\/?page_id=147#breadcrumb\",\"itemListElement\":[{\"@type\":\"ListItem\",\"position\":1,\"name\":\"Strona g\u0142\u00f3wna\",\"item\":\"https:\\\/\\\/grazo.pl\\\/\"},{\"@type\":\"ListItem\",\"position\":2,\"name\":\"\ud83d\udcb3 Formy p\u0142atno\u015bci \u2013 GRAZO\"}]},{\"@type\":\"WebSite\",\"@id\":\"https:\\\/\\\/grazo.pl\\\/#website\",\"url\":\"https:\\\/\\\/grazo.pl\\\/\",\"name\":\"GRAZO.pl\",\"description\":\"Grazo \u2013 efektywna praca w ogrodzie\",\"potentialAction\":[{\"@type\":\"SearchAction\",\"target\":{\"@type\":\"EntryPoint\",\"urlTemplate\":\"https:\\\/\\\/grazo.pl\\\/?s={search_term_string}\"},\"query-input\":{\"@type\":\"PropertyValueSpecification\",\"valueRequired\":true,\"valueName\":\"search_term_string\"}}],\"inLanguage\":\"pl-PL\"}]}<\/script>\n<!-- \/ Yoast SEO plugin. -->","yoast_head_json":{"title":"\ud83d\udcb3 Formy p\u0142atno\u015bci \u2013 GRAZO - GRAZO.pl","robots":{"index":"index","follow":"follow","max-snippet":"max-snippet:-1","max-image-preview":"max-image-preview:large","max-video-preview":"max-video-preview:-1"},"canonical":"https:\/\/grazo.pl\/?page_id=147","og_locale":"pl_PL","og_type":"article","og_title":"\ud83d\udcb3 Formy p\u0142atno\u015bci \u2013 GRAZO - GRAZO.pl","og_description":"W naszym sklepie oferujemy dwie wygodne formy p\u0142atno\u015bci: 1. P\u0142atno\u015b\u0107 online \u2013 imoje (ING Bank \u015al\u0105ski) Za zam\u00f3wienie mo\u017cesz zap\u0142aci\u0107 szybko i bezpiecznie przez system p\u0142atno\u015bci online imoje, obs\u0142ugiwany przez ING Bank \u015al\u0105ski. Dost\u0119pne metody p\u0142atno\u015bci w imoje: Po wybraniu tej opcji zostaniesz przekierowany na bezpieczn\u0105 stron\u0119 p\u0142atno\u015bci imoje. 2. P\u0142atno\u015b\u0107 przy odbiorze (COD \u2013 [&hellip;]","og_url":"https:\/\/grazo.pl\/?page_id=147","og_site_name":"GRAZO.pl","twitter_card":"summary_large_image","twitter_misc":{"Szacowany czas czytania":"1 minuta"},"schema":{"@context":"https:\/\/schema.org","@graph":[{"@type":"WebPage","@id":"https:\/\/grazo.pl\/?page_id=147","url":"https:\/\/grazo.pl\/?page_id=147","name":"\ud83d\udcb3 Formy p\u0142atno\u015bci \u2013 GRAZO - GRAZO.pl","isPartOf":{"@id":"https:\/\/grazo.pl\/#website"},"datePublished":"2025-06-02T20:29:36+00:00","breadcrumb":{"@id":"https:\/\/grazo.pl\/?page_id=147#breadcrumb"},"inLanguage":"pl-PL","potentialAction":[{"@type":"ReadAction","target":["https:\/\/grazo.pl\/?page_id=147"]}]},{"@type":"BreadcrumbList","@id":"https:\/\/grazo.pl\/?page_id=147#breadcrumb","itemListElement":[{"@type":"ListItem","position":1,"name":"Strona g\u0142\u00f3wna","item":"https:\/\/grazo.pl\/"},{"@type":"ListItem","position":2,"name":"\ud83d\udcb3 Formy p\u0142atno\u015bci \u2013 GRAZO"}]},{"@type":"WebSite","@id":"https:\/\/grazo.pl\/#website","url":"https:\/\/grazo.pl\/","name":"GRAZO.pl","description":"Grazo \u2013 efektywna praca w ogrodzie","potentialAction":[{"@type":"SearchAction","target":{"@type":"EntryPoint","urlTemplate":"https:\/\/grazo.pl\/?s={search_term_string}"},"query-input":{"@type":"PropertyValueSpecification","valueRequired":true,"valueName":"search_term_string"}}],"inLanguage":"pl-PL"}]}},"jetpack_sharing_enabled":true,"_links":{"self":[{"href":"https:\/\/grazo.pl\/index.php?rest_route=\/wp\/v2\/pages\/147","targetHints":{"allow":["GET"]}}],"collection":[{"href":"https:\/\/grazo.pl\/index.php?rest_route=\/wp\/v2\/pages"}],"about":[{"href":"https:\/\/grazo.pl\/index.php?rest_route=\/wp\/v2\/types\/page"}],"author":[{"embeddable":true,"href":"https:\/\/grazo.pl\/index.php?rest_route=\/wp\/v2\/users\/1"}],"replies":[{"embeddable":true,"href":"https:\/\/grazo.pl\/index.php?rest_route=%2Fwp%2Fv2%2Fcomments&post=147"}],"version-history":[{"count":1,"href":"https:\/\/grazo.pl\/index.php?rest_route=\/wp\/v2\/pages\/147\/revisions"}],"predecessor-version":[{"id":148,"href":"https:\/\/grazo.pl\/index.php?rest_route=\/wp\/v2\/pages\/147\/revisions\/148"}],"wp:attachment":[{"href":"https:\/\/grazo.pl\/index.php?rest_route=%2Fwp%2Fv2%2Fmedia&parent=147"}],"curies":[{"name":"wp","href":"https:\/\/api.w.org\/{rel}","templated":true}]}}