{"id":206,"date":"2025-06-20T17:40:51","date_gmt":"2025-06-20T15:40:51","guid":{"rendered":"https:\/\/grazo.pl\/?post_type=product&#038;p=206"},"modified":"2026-04-13T13:07:45","modified_gmt":"2026-04-13T11:07:45","slug":"niwelator-terenu-grazo-pro-nowy-design","status":"publish","type":"product","link":"https:\/\/grazo.pl\/?product=niwelator-terenu-grazo-pro-nowy-design","title":{"rendered":"Niwelator terenu GRAZO PRO &#8211; nowy design"},"content":{"rendered":"<p>Niwelator terenu marki www.GRAZO.pl &#8211; WYPRODUKOWANY W POLSCE !<\/p>\n<p>Wersja Pro &#8211; nowy design.<\/p>\n<p>Solidny i precyzyjnie wykonany \u2013 bez chi\u0144skiej tandety!<br \/>\nIdealny do prac ogrodowych dla Profesjonalist\u00f3w jak oraz wymagaj\u0105cych u\u017cytkownik\u00f3w.<\/p>\n<p>Zastosowanie:<\/p>\n<p>&#8211; R\u00f3wnanie gleby pod nowo zak\u0142adany trawnik<br \/>\n&#8211; Piaskowanie trawnika po aeracji<br \/>\n&#8211; Top dressing<br \/>\n&#8211; Wyr\u00f3wnywanie kretowin<\/p>\n<p>Dlaczego warto?<\/p>\n<p>&#8211; Produkowany w Polsce i wykonany na najwy\u017cszym poziomie !<br \/>\n&#8211; Uchwyt pod kij 28 mm \u2013 pewne i wytrzyma\u0142e rozwi\u0105zanie<br \/>\n&#8211; Mo\u017cliwo\u015b\u0107 dokupienia trzonu metalowego T 170 cm &#8211; zapewnia najwy\u017csz\u0105 ergonomi\u0119 pracy !<br \/>\n&#8211; Wykonany z k\u0105townika 25&#215;25 odporny na odkszta\u0142cenia przy zachowaniu niskiej wagi !<br \/>\n&#8211; Lakierowany proszkowo \u2013 trwa\u0142a ochrona przed korozj\u0105<\/p>\n<p>Opcja dodatkowo odp\u0142atna:<br \/>\n&#8211; Mo\u017cliwo\u015b\u0107 dokupienia metalowego trzonu w kszta\u0142cie T \u2013 dla wygody i lepszej ergonomii!<\/p>\n","protected":false},"excerpt":{"rendered":"<p>R\u0119czny niwelator terenu GRAZO PRO &#8211; nowy wytrzymalszy design \u2013 wyprodukowany w Polsce! Solidny i trwa\u0142y \u2013 bez kompromis\u00f3w! Przeznaczony dla profesjonalist\u00f3w oraz wymagaj\u0105cych u\u017cytkownik\u00f3w. Idealny do wyr\u00f3wnywania gleby, piaskowania trawnika, top dressingu i niwelowania kretowisk.<\/p>\n","protected":false},"featured_media":209,"comment_status":"open","ping_status":"closed","template":"","meta":[],"product_brand":[57],"product_cat":[15],"product_tag":[],"class_list":{"0":"post-206","1":"product","2":"type-product","3":"status-publish","4":"has-post-thumbnail","6":"product_brand-grazo","7":"product_cat-bez-kategorii","8":"product_shipping_class-duze","10":"first","11":"instock","12":"sale","13":"shipping-taxable","14":"purchasable","15":"product-type-variable"},"yoast_head":"<!-- This site is optimized with the Yoast SEO plugin v27.4 - https:\/\/yoast.com\/product\/yoast-seo-wordpress\/ -->\n<title>Niwelator terenu GRAZO PRO - nowy design - GRAZO.pl<\/title>\n<meta name=\"robots\" content=\"index, follow, max-snippet:-1, max-image-preview:large, max-video-preview:-1\" \/>\n<link rel=\"canonical\" href=\"https:\/\/grazo.pl\/?product=niwelator-terenu-grazo-pro-nowy-design\" \/>\n<meta property=\"og:locale\" content=\"pl_PL\" \/>\n<meta property=\"og:type\" content=\"article\" \/>\n<meta property=\"og:title\" content=\"Niwelator terenu GRAZO PRO - nowy design - GRAZO.pl\" \/>\n<meta property=\"og:description\" content=\"R\u0119czny niwelator terenu GRAZO PRO - nowy wytrzymalszy design \u2013 wyprodukowany w Polsce! Solidny i trwa\u0142y \u2013 bez kompromis\u00f3w! Przeznaczony dla profesjonalist\u00f3w oraz wymagaj\u0105cych u\u017cytkownik\u00f3w. Idealny do wyr\u00f3wnywania gleby, piaskowania trawnika, top dressingu i niwelowania kretowisk.\" \/>\n<meta property=\"og:url\" content=\"https:\/\/grazo.pl\/?product=niwelator-terenu-grazo-pro-nowy-design\" \/>\n<meta property=\"og:site_name\" content=\"GRAZO.pl\" \/>\n<meta property=\"article:modified_time\" content=\"2026-04-13T11:07:45+00:00\" \/>\n<meta property=\"og:image\" content=\"https:\/\/grazo.pl\/wp-content\/uploads\/2025\/06\/IMG_4215-scaled.jpg\" \/>\n\t<meta property=\"og:image:width\" content=\"2560\" \/>\n\t<meta property=\"og:image:height\" content=\"1920\" \/>\n\t<meta property=\"og:image:type\" content=\"image\/jpeg\" \/>\n<meta name=\"twitter:card\" content=\"summary_large_image\" \/>\n<meta name=\"twitter:label1\" content=\"Szacowany czas czytania\" \/>\n\t<meta name=\"twitter:data1\" content=\"1 minuta\" \/>\n<script type=\"application\/ld+json\" class=\"yoast-schema-graph\">{\"@context\":\"https:\\\/\\\/schema.org\",\"@graph\":[{\"@type\":\"WebPage\",\"@id\":\"https:\\\/\\\/grazo.pl\\\/?product=niwelator-terenu-grazo-pro-nowy-design\",\"url\":\"https:\\\/\\\/grazo.pl\\\/?product=niwelator-terenu-grazo-pro-nowy-design\",\"name\":\"Niwelator terenu GRAZO PRO - nowy design - GRAZO.pl\",\"isPartOf\":{\"@id\":\"https:\\\/\\\/grazo.pl\\\/#website\"},\"primaryImageOfPage\":{\"@id\":\"https:\\\/\\\/grazo.pl\\\/?product=niwelator-terenu-grazo-pro-nowy-design#primaryimage\"},\"image\":{\"@id\":\"https:\\\/\\\/grazo.pl\\\/?product=niwelator-terenu-grazo-pro-nowy-design#primaryimage\"},\"thumbnailUrl\":\"https:\\\/\\\/grazo.pl\\\/wp-content\\\/uploads\\\/2025\\\/06\\\/IMG_4215-scaled.jpg\",\"datePublished\":\"2025-06-20T15:40:51+00:00\",\"dateModified\":\"2026-04-13T11:07:45+00:00\",\"breadcrumb\":{\"@id\":\"https:\\\/\\\/grazo.pl\\\/?product=niwelator-terenu-grazo-pro-nowy-design#breadcrumb\"},\"inLanguage\":\"pl-PL\",\"potentialAction\":[{\"@type\":\"ReadAction\",\"target\":[\"https:\\\/\\\/grazo.pl\\\/?product=niwelator-terenu-grazo-pro-nowy-design\"]}]},{\"@type\":\"ImageObject\",\"inLanguage\":\"pl-PL\",\"@id\":\"https:\\\/\\\/grazo.pl\\\/?product=niwelator-terenu-grazo-pro-nowy-design#primaryimage\",\"url\":\"https:\\\/\\\/grazo.pl\\\/wp-content\\\/uploads\\\/2025\\\/06\\\/IMG_4215-scaled.jpg\",\"contentUrl\":\"https:\\\/\\\/grazo.pl\\\/wp-content\\\/uploads\\\/2025\\\/06\\\/IMG_4215-scaled.jpg\",\"width\":2560,\"height\":1920},{\"@type\":\"BreadcrumbList\",\"@id\":\"https:\\\/\\\/grazo.pl\\\/?product=niwelator-terenu-grazo-pro-nowy-design#breadcrumb\",\"itemListElement\":[{\"@type\":\"ListItem\",\"position\":1,\"name\":\"Strona g\u0142\u00f3wna\",\"item\":\"https:\\\/\\\/grazo.pl\\\/\"},{\"@type\":\"ListItem\",\"position\":2,\"name\":\"Sklep\",\"item\":\"https:\\\/\\\/grazo.pl\\\/?page_id=6\"},{\"@type\":\"ListItem\",\"position\":3,\"name\":\"Niwelator terenu GRAZO PRO &#8211; nowy design\"}]},{\"@type\":\"WebSite\",\"@id\":\"https:\\\/\\\/grazo.pl\\\/#website\",\"url\":\"https:\\\/\\\/grazo.pl\\\/\",\"name\":\"GRAZO.pl\",\"description\":\"Grazo \u2013 efektywna praca w ogrodzie\",\"potentialAction\":[{\"@type\":\"SearchAction\",\"target\":{\"@type\":\"EntryPoint\",\"urlTemplate\":\"https:\\\/\\\/grazo.pl\\\/?s={search_term_string}\"},\"query-input\":{\"@type\":\"PropertyValueSpecification\",\"valueRequired\":true,\"valueName\":\"search_term_string\"}}],\"inLanguage\":\"pl-PL\"}]}<\/script>\n<!-- \/ Yoast SEO plugin. -->","yoast_head_json":{"title":"Niwelator terenu GRAZO PRO - nowy design - GRAZO.pl","robots":{"index":"index","follow":"follow","max-snippet":"max-snippet:-1","max-image-preview":"max-image-preview:large","max-video-preview":"max-video-preview:-1"},"canonical":"https:\/\/grazo.pl\/?product=niwelator-terenu-grazo-pro-nowy-design","og_locale":"pl_PL","og_type":"article","og_title":"Niwelator terenu GRAZO PRO - nowy design - GRAZO.pl","og_description":"R\u0119czny niwelator terenu GRAZO PRO - nowy wytrzymalszy design \u2013 wyprodukowany w Polsce! Solidny i trwa\u0142y \u2013 bez kompromis\u00f3w! Przeznaczony dla profesjonalist\u00f3w oraz wymagaj\u0105cych u\u017cytkownik\u00f3w. Idealny do wyr\u00f3wnywania gleby, piaskowania trawnika, top dressingu i niwelowania kretowisk.","og_url":"https:\/\/grazo.pl\/?product=niwelator-terenu-grazo-pro-nowy-design","og_site_name":"GRAZO.pl","article_modified_time":"2026-04-13T11:07:45+00:00","og_image":[{"width":2560,"height":1920,"url":"https:\/\/grazo.pl\/wp-content\/uploads\/2025\/06\/IMG_4215-scaled.jpg","type":"image\/jpeg"}],"twitter_card":"summary_large_image","twitter_misc":{"Szacowany czas czytania":"1 minuta"},"schema":{"@context":"https:\/\/schema.org","@graph":[{"@type":"WebPage","@id":"https:\/\/grazo.pl\/?product=niwelator-terenu-grazo-pro-nowy-design","url":"https:\/\/grazo.pl\/?product=niwelator-terenu-grazo-pro-nowy-design","name":"Niwelator terenu GRAZO PRO - nowy design - GRAZO.pl","isPartOf":{"@id":"https:\/\/grazo.pl\/#website"},"primaryImageOfPage":{"@id":"https:\/\/grazo.pl\/?product=niwelator-terenu-grazo-pro-nowy-design#primaryimage"},"image":{"@id":"https:\/\/grazo.pl\/?product=niwelator-terenu-grazo-pro-nowy-design#primaryimage"},"thumbnailUrl":"https:\/\/grazo.pl\/wp-content\/uploads\/2025\/06\/IMG_4215-scaled.jpg","datePublished":"2025-06-20T15:40:51+00:00","dateModified":"2026-04-13T11:07:45+00:00","breadcrumb":{"@id":"https:\/\/grazo.pl\/?product=niwelator-terenu-grazo-pro-nowy-design#breadcrumb"},"inLanguage":"pl-PL","potentialAction":[{"@type":"ReadAction","target":["https:\/\/grazo.pl\/?product=niwelator-terenu-grazo-pro-nowy-design"]}]},{"@type":"ImageObject","inLanguage":"pl-PL","@id":"https:\/\/grazo.pl\/?product=niwelator-terenu-grazo-pro-nowy-design#primaryimage","url":"https:\/\/grazo.pl\/wp-content\/uploads\/2025\/06\/IMG_4215-scaled.jpg","contentUrl":"https:\/\/grazo.pl\/wp-content\/uploads\/2025\/06\/IMG_4215-scaled.jpg","width":2560,"height":1920},{"@type":"BreadcrumbList","@id":"https:\/\/grazo.pl\/?product=niwelator-terenu-grazo-pro-nowy-design#breadcrumb","itemListElement":[{"@type":"ListItem","position":1,"name":"Strona g\u0142\u00f3wna","item":"https:\/\/grazo.pl\/"},{"@type":"ListItem","position":2,"name":"Sklep","item":"https:\/\/grazo.pl\/?page_id=6"},{"@type":"ListItem","position":3,"name":"Niwelator terenu GRAZO PRO &#8211; nowy design"}]},{"@type":"WebSite","@id":"https:\/\/grazo.pl\/#website","url":"https:\/\/grazo.pl\/","name":"GRAZO.pl","description":"Grazo \u2013 efektywna praca w ogrodzie","potentialAction":[{"@type":"SearchAction","target":{"@type":"EntryPoint","urlTemplate":"https:\/\/grazo.pl\/?s={search_term_string}"},"query-input":{"@type":"PropertyValueSpecification","valueRequired":true,"valueName":"search_term_string"}}],"inLanguage":"pl-PL"}]}},"jetpack_sharing_enabled":true,"_links":{"self":[{"href":"https:\/\/grazo.pl\/index.php?rest_route=\/wp\/v2\/product\/206","targetHints":{"allow":["GET"]}}],"collection":[{"href":"https:\/\/grazo.pl\/index.php?rest_route=\/wp\/v2\/product"}],"about":[{"href":"https:\/\/grazo.pl\/index.php?rest_route=\/wp\/v2\/types\/product"}],"replies":[{"embeddable":true,"href":"https:\/\/grazo.pl\/index.php?rest_route=%2Fwp%2Fv2%2Fcomments&post=206"}],"wp:featuredmedia":[{"embeddable":true,"href":"https:\/\/grazo.pl\/index.php?rest_route=\/wp\/v2\/media\/209"}],"wp:attachment":[{"href":"https:\/\/grazo.pl\/index.php?rest_route=%2Fwp%2Fv2%2Fmedia&parent=206"}],"wp:term":[{"taxonomy":"product_brand","embeddable":true,"href":"https:\/\/grazo.pl\/index.php?rest_route=%2Fwp%2Fv2%2Fproduct_brand&post=206"},{"taxonomy":"product_cat","embeddable":true,"href":"https:\/\/grazo.pl\/index.php?rest_route=%2Fwp%2Fv2%2Fproduct_cat&post=206"},{"taxonomy":"product_tag","embeddable":true,"href":"https:\/\/grazo.pl\/index.php?rest_route=%2Fwp%2Fv2%2Fproduct_tag&post=206"}],"curies":[{"name":"wp","href":"https:\/\/api.w.org\/{rel}","templated":true}]}}