{"id":346,"date":"2025-11-20T22:10:07","date_gmt":"2025-11-20T21:10:07","guid":{"rendered":"https:\/\/grazo.pl\/?post_type=product&#038;p=346"},"modified":"2026-01-15T20:47:39","modified_gmt":"2026-01-15T19:47:39","slug":"posypywarka-sandmaster","status":"publish","type":"product","link":"https:\/\/grazo.pl\/?product=posypywarka-sandmaster","title":{"rendered":"Posypywarka GRAZO SandMaster"},"content":{"rendered":"<h2 data-start=\"286\" data-end=\"381\"><strong data-start=\"289\" data-end=\"381\">Posypywarka GRAZO SandMaster \u2013 narz\u0119dzie do piaskowania, rozprowadzania substratu i prac brukarskich<\/strong><\/h2>\n<h3 data-start=\"383\" data-end=\"403\"><strong data-start=\"387\" data-end=\"403\">Zastosowanie<\/strong><\/h3>\n<p data-start=\"404\" data-end=\"494\">GRAZO SandMaster <strong data-start=\"421\" data-end=\"474\">przyspiesza i u\u0142atwia prace ogrodowe i brukarskie<\/strong>.<br data-start=\"475\" data-end=\"478\" \/>U\u017cyjesz go do:<\/p>\n<ul data-start=\"495\" data-end=\"704\">\n<li data-start=\"495\" data-end=\"532\">\n<p data-start=\"497\" data-end=\"532\">Piaskowania trawnik\u00f3w po aeracji,<\/p>\n<\/li>\n<li data-start=\"533\" data-end=\"596\">\n<p data-start=\"535\" data-end=\"596\">R\u00f3wnomiernego rozprowadzania substratu podczas regeneracji,<\/p>\n<\/li>\n<li data-start=\"597\" data-end=\"667\">\n<p data-start=\"599\" data-end=\"667\">Przygotowania pod\u0142o\u017ca pod zak\u0142adanie murawy \u2013 przykrywanie nasion,<\/p>\n<\/li>\n<li data-start=\"668\" data-end=\"704\">\n<p data-start=\"670\" data-end=\"704\">Pomocy przy pracach brukarskich.<\/p>\n<\/li>\n<\/ul>\n<p data-start=\"706\" data-end=\"790\">Efekt? <strong data-start=\"713\" data-end=\"766\">Idealnie r\u00f3wnomierna warstwa na ca\u0142ej powierzchni<\/strong>, bez strat materia\u0142u.<\/p>\n<hr data-start=\"792\" data-end=\"795\" \/>\n<h3 data-start=\"797\" data-end=\"819\"><strong data-start=\"801\" data-end=\"819\">Cechy produktu<\/strong><\/h3>\n<ul data-start=\"820\" data-end=\"1454\">\n<li data-start=\"820\" data-end=\"936\">\n<p data-start=\"822\" data-end=\"936\"><strong data-start=\"822\" data-end=\"847\">Precyzyjna regulacja:<\/strong> przednia i tylna blacha pozwalaj\u0105 dok\u0142adnie kontrolowa\u0107 ilo\u015b\u0107 rozsypywanego materia\u0142u.<\/p>\n<\/li>\n<li data-start=\"937\" data-end=\"1071\">\n<p data-start=\"939\" data-end=\"1071\"><strong data-start=\"939\" data-end=\"970\">Stabilno\u015b\u0107 i lekko\u015b\u0107 pracy:<\/strong> pompowane ko\u0142a na solidnych \u0142o\u017cyskach zapewniaj\u0105 wygodne prowadzenie, nawet przy pe\u0142nym zasobniku.<\/p>\n<\/li>\n<li data-start=\"1072\" data-end=\"1179\">\n<p data-start=\"1074\" data-end=\"1179\"><strong data-start=\"1074\" data-end=\"1101\">Wytrzyma\u0142a konstrukcja:<\/strong> sztywna i zwarta rama z grubych materia\u0142\u00f3w gwarantuje niezawodno\u015b\u0107 na lata.<\/p>\n<\/li>\n<li data-start=\"1180\" data-end=\"1280\">\n<p data-start=\"1182\" data-end=\"1280\"><strong data-start=\"1182\" data-end=\"1204\">Ergonomia obs\u0142ugi:<\/strong> wszystkie regulacje umieszczone w wygodnych miejscach dla \u0142atwej obs\u0142ugi.<\/p>\n<\/li>\n<li data-start=\"1281\" data-end=\"1352\">\n<p data-start=\"1283\" data-end=\"1352\"><strong data-start=\"1283\" data-end=\"1307\">Demontowalna r\u0105czka:<\/strong> szybki transport i wygodne przechowywanie.<\/p>\n<\/li>\n<li data-start=\"1353\" data-end=\"1454\">\n<p data-start=\"1355\" data-end=\"1454\"><strong data-start=\"1355\" data-end=\"1389\">Elegancka kolorystyka premium:<\/strong> czarne elementy po\u0142\u0105czone z nierdzewnymi i srebrnymi detalami.<\/p>\n<\/li>\n<\/ul>\n<hr data-start=\"1456\" data-end=\"1459\" \/>\n<h3 data-start=\"1461\" data-end=\"1484\"><strong data-start=\"1465\" data-end=\"1484\">Dane techniczne<\/strong><\/h3>\n<ul data-start=\"1485\" data-end=\"1798\">\n<li data-start=\"1485\" data-end=\"1513\">\n<p data-start=\"1487\" data-end=\"1513\">Szeroko\u015b\u0107 robocza: 85 cm<\/p>\n<\/li>\n<li data-start=\"1514\" data-end=\"1533\">\n<p data-start=\"1516\" data-end=\"1533\">Zasobnik: 170 l<\/p>\n<\/li>\n<li data-start=\"1534\" data-end=\"1549\">\n<p data-start=\"1536\" data-end=\"1549\">Waga: 65 kg<\/p>\n<\/li>\n<li data-start=\"1550\" data-end=\"1618\">\n<p data-start=\"1552\" data-end=\"1618\">Wymiary po demonta\u017cu r\u0105czki: szer. 116 cm, wys. 66 cm, d\u0142. 50 cm<\/p>\n<\/li>\n<li data-start=\"1619\" data-end=\"1646\">\n<p data-start=\"1621\" data-end=\"1646\">Ocynkowany wa\u0142 z siatki<\/p>\n<\/li>\n<li data-start=\"1647\" data-end=\"1749\">\n<p data-start=\"1649\" data-end=\"1749\">Zasobnik z blachy 2 mm i r\u0105czka 8 mm, malowane podk\u0142adem i proszkowo dla odporno\u015bci antykorozyjnej<\/p>\n<\/li>\n<li data-start=\"1750\" data-end=\"1798\">\n<p data-start=\"1752\" data-end=\"1798\">Regulacje wykonane z 3 mm blachy nierdzewnej<\/p>\n<\/li>\n<\/ul>\n<hr data-start=\"1800\" data-end=\"1803\" \/>\n<h3 data-start=\"1805\" data-end=\"1852\"><strong data-start=\"1809\" data-end=\"1852\">Dlaczego warto wybra\u0107 GRAZO SandMaster?<\/strong><\/h3>\n<ul data-start=\"1853\" data-end=\"2244\">\n<li data-start=\"1853\" data-end=\"1947\">\n<p data-start=\"1855\" data-end=\"1947\"><strong data-start=\"1855\" data-end=\"1883\">Zwi\u0119ksza wydajno\u015b\u0107 pracy<\/strong> \u2013 szybciej i \u0142atwiej przygotujesz trawnik i teren pod\u00a0 pi\u0119kn\u0105 muraw\u0119.<\/p>\n<\/li>\n<li data-start=\"1948\" data-end=\"2045\">\n<p data-start=\"1950\" data-end=\"2045\"><strong data-start=\"1950\" data-end=\"1993\">Zapewnia r\u00f3wnomierny, powtarzalny efekt<\/strong> \u2013 idealna warstwa substratu na ca\u0142ej powierzchni.<\/p>\n<\/li>\n<li data-start=\"2046\" data-end=\"2145\">\n<p data-start=\"2048\" data-end=\"2145\"><strong data-start=\"2048\" data-end=\"2072\">Odporno\u015b\u0107 i trwa\u0142o\u015b\u0107<\/strong> \u2013 narz\u0119dzie wytrzyma intensywn\u0105 prac\u0119 i zmienne warunki atmosferyczne.<\/p>\n<\/li>\n<li data-start=\"2146\" data-end=\"2244\">\n<p data-start=\"2148\" data-end=\"2244\"><strong data-start=\"2148\" data-end=\"2176\">Uniwersalne zastosowanie<\/strong> \u2013 sprawdzi si\u0119 w firmach profesjonalnych oraz w u\u017cytku prywatnym.<\/p>\n<\/li>\n<\/ul>\n<p data-start=\"2246\" data-end=\"2341\"><strong data-start=\"2246\" data-end=\"2339\">GRAZO SandMaster \u2013 inwestycja, kt\u00f3ra zwraca si\u0119 w postaci oszcz\u0119dno\u015bci czasu i materia\u0142u.<\/strong><\/p>\n<hr data-start=\"2343\" data-end=\"2346\" \/>\n<h3 data-start=\"2348\" data-end=\"2372\"><strong data-start=\"2352\" data-end=\"2372\">Polska produkcja<\/strong><\/h3>\n<p data-start=\"2373\" data-end=\"2557\">Produkt zaprojektowany i wykonany w Polsce zgodnie z europejskimi standardami jako\u015bci. Kupuj\u0105c SandMaster, wspierasz polsk\u0105 produkcj\u0119 i otrzymujesz <strong data-start=\"2521\" data-end=\"2554\">narz\u0119dzie niezawodne i trwa\u0142e<\/strong>.<\/p>\n<p data-start=\"2365\" data-end=\"2391\"><strong>Posypywarka w akcji: <\/strong><\/p>\n<blockquote class=\"tiktok-embed\" cite=\"https:\/\/www.tiktok.com\/@mateuszjadczaktalaga\/video\/7575161044461522198\" data-video-id=\"7575161044461522198\" data-embed-from=\"oembed\" style=\"max-width:605px; min-width:325px;\">\n<section> <a target=\"_blank\" title=\"@mateuszjadczaktalaga\" href=\"https:\/\/www.tiktok.com\/@mateuszjadczaktalaga?refer=embed\">@mateuszjadczaktalaga<\/a> <\/p>\n<p>Posypywarka GRAZO SandMaster ju\u017c dost\u0119pna \ud83d\udc4c Znacz\u0105co przyspiesza prac\u0119 w ogrodzie. \u015awietnie nadaje si\u0119 dla firm ogrodniczych, wypo\u017cyczalni sprz\u0119tu oraz wymagaj\u0105cych u\u017cytkownik\u00f3w.   <a title=\"grazo\" target=\"_blank\" href=\"https:\/\/www.tiktok.com\/tag\/grazo?refer=embed\">#grazo<\/a> <a title=\"posypywarka\" target=\"_blank\" href=\"https:\/\/www.tiktok.com\/tag\/posypywarka?refer=embed\">#posypywarka<\/a> <a title=\"lawn\" target=\"_blank\" href=\"https:\/\/www.tiktok.com\/tag\/lawn?refer=embed\">#lawn<\/a> <a title=\"lawncare\" target=\"_blank\" href=\"https:\/\/www.tiktok.com\/tag\/lawncare?refer=embed\">#lawncare<\/a> <a title=\"piaskowanie\" target=\"_blank\" href=\"https:\/\/www.tiktok.com\/tag\/piaskowanie?refer=embed\">#piaskowanie<\/a><\/p>\n<p> <a target=\"_blank\" title=\"\u266c OLD SCHOOL - MultiPlabell\" href=\"https:\/\/www.tiktok.com\/music\/OLD-SCHOOL-7320009784417470465?refer=embed\">\u266c OLD SCHOOL &#8211; MultiPlabell<\/a> <\/section>\n<\/blockquote>\n<p> <script async src=\"https:\/\/www.tiktok.com\/embed.js\"><\/script><\/p>\n","protected":false},"excerpt":{"rendered":"<p>GRAZO SandMaster przyspiesza prace ogrodowe i brukarskie. Idealny do piaskowania trawnika, rozprowadzania substratu i przygotowania pod muraw\u0119. Trwa\u0142y, polski produkt o precyzyjnej regulacji i wygodny w obs\u0142udze.<\/p>\n","protected":false},"featured_media":348,"comment_status":"open","ping_status":"closed","template":"","meta":[],"product_brand":[57],"product_cat":[78,76],"product_tag":[82,33,46,81,27,80,56],"class_list":{"0":"post-346","1":"product","2":"type-product","3":"status-publish","4":"has-post-thumbnail","6":"product_brand-grazo","7":"product_cat-maszyny-i-urzadzenia","8":"product_cat-narzedzia-ogrodnicze","9":"product_tag-aeracja","10":"product_tag-grazo","11":"product_tag-ogrod","12":"product_tag-piaskarka","13":"product_tag-piaskowanie-trawnika","14":"product_tag-posypywarka","15":"product_tag-trawnik","16":"product_shipping_class-duze","18":"first","19":"instock","20":"sale","21":"shipping-taxable","22":"purchasable","23":"product-type-simple"},"yoast_head":"<!-- This site is optimized with the Yoast SEO plugin v27.4 - https:\/\/yoast.com\/product\/yoast-seo-wordpress\/ -->\n<title>Posypywarka GRAZO SandMaster - wyprodukowana w PolsceGRAZO.pl<\/title>\n<meta name=\"description\" content=\"Posypywarka GRAZO SandMaster idealna do piaskowania trawnika czy rozprowadzania substratu. Posypywarka znacz\u0105co u\u0142atwia i przyspiesza prace.\" \/>\n<meta name=\"robots\" content=\"index, follow, max-snippet:-1, max-image-preview:large, max-video-preview:-1\" \/>\n<link rel=\"canonical\" href=\"https:\/\/grazo.pl\/?product=posypywarka-sandmaster\" \/>\n<meta property=\"og:locale\" content=\"pl_PL\" \/>\n<meta property=\"og:type\" content=\"article\" \/>\n<meta property=\"og:title\" content=\"Posypywarka GRAZO SandMaster - wyprodukowana w PolsceGRAZO.pl\" \/>\n<meta property=\"og:description\" content=\"Posypywarka GRAZO SandMaster idealna do piaskowania trawnika czy rozprowadzania substratu. Posypywarka znacz\u0105co u\u0142atwia i przyspiesza prace.\" \/>\n<meta property=\"og:url\" content=\"https:\/\/grazo.pl\/?product=posypywarka-sandmaster\" \/>\n<meta property=\"og:site_name\" content=\"GRAZO.pl\" \/>\n<meta property=\"article:modified_time\" content=\"2026-01-15T19:47:39+00:00\" \/>\n<meta property=\"og:image\" content=\"https:\/\/grazo.pl\/wp-content\/uploads\/2025\/11\/2-scaled.jpg\" \/>\n\t<meta property=\"og:image:width\" content=\"1920\" \/>\n\t<meta property=\"og:image:height\" content=\"2560\" \/>\n\t<meta property=\"og:image:type\" content=\"image\/jpeg\" \/>\n<meta name=\"twitter:card\" content=\"summary_large_image\" \/>\n<meta name=\"twitter:label1\" content=\"Szacowany czas czytania\" \/>\n\t<meta name=\"twitter:data1\" content=\"2 minuty\" \/>\n<script type=\"application\/ld+json\" class=\"yoast-schema-graph\">{\"@context\":\"https:\\\/\\\/schema.org\",\"@graph\":[{\"@type\":\"WebPage\",\"@id\":\"https:\\\/\\\/grazo.pl\\\/?product=posypywarka-sandmaster\",\"url\":\"https:\\\/\\\/grazo.pl\\\/?product=posypywarka-sandmaster\",\"name\":\"Posypywarka GRAZO SandMaster - wyprodukowana w PolsceGRAZO.pl\",\"isPartOf\":{\"@id\":\"https:\\\/\\\/grazo.pl\\\/#website\"},\"primaryImageOfPage\":{\"@id\":\"https:\\\/\\\/grazo.pl\\\/?product=posypywarka-sandmaster#primaryimage\"},\"image\":{\"@id\":\"https:\\\/\\\/grazo.pl\\\/?product=posypywarka-sandmaster#primaryimage\"},\"thumbnailUrl\":\"https:\\\/\\\/grazo.pl\\\/wp-content\\\/uploads\\\/2025\\\/11\\\/2-scaled.jpg\",\"datePublished\":\"2025-11-20T21:10:07+00:00\",\"dateModified\":\"2026-01-15T19:47:39+00:00\",\"description\":\"Posypywarka GRAZO SandMaster idealna do piaskowania trawnika czy rozprowadzania substratu. Posypywarka znacz\u0105co u\u0142atwia i przyspiesza prace.\",\"breadcrumb\":{\"@id\":\"https:\\\/\\\/grazo.pl\\\/?product=posypywarka-sandmaster#breadcrumb\"},\"inLanguage\":\"pl-PL\",\"potentialAction\":[{\"@type\":\"ReadAction\",\"target\":[\"https:\\\/\\\/grazo.pl\\\/?product=posypywarka-sandmaster\"]}]},{\"@type\":\"ImageObject\",\"inLanguage\":\"pl-PL\",\"@id\":\"https:\\\/\\\/grazo.pl\\\/?product=posypywarka-sandmaster#primaryimage\",\"url\":\"https:\\\/\\\/grazo.pl\\\/wp-content\\\/uploads\\\/2025\\\/11\\\/2-scaled.jpg\",\"contentUrl\":\"https:\\\/\\\/grazo.pl\\\/wp-content\\\/uploads\\\/2025\\\/11\\\/2-scaled.jpg\",\"width\":1920,\"height\":2560},{\"@type\":\"BreadcrumbList\",\"@id\":\"https:\\\/\\\/grazo.pl\\\/?product=posypywarka-sandmaster#breadcrumb\",\"itemListElement\":[{\"@type\":\"ListItem\",\"position\":1,\"name\":\"Strona g\u0142\u00f3wna\",\"item\":\"https:\\\/\\\/grazo.pl\\\/\"},{\"@type\":\"ListItem\",\"position\":2,\"name\":\"Sklep\",\"item\":\"https:\\\/\\\/grazo.pl\\\/?page_id=6\"},{\"@type\":\"ListItem\",\"position\":3,\"name\":\"Posypywarka GRAZO SandMaster\"}]},{\"@type\":\"WebSite\",\"@id\":\"https:\\\/\\\/grazo.pl\\\/#website\",\"url\":\"https:\\\/\\\/grazo.pl\\\/\",\"name\":\"GRAZO.pl\",\"description\":\"Grazo \u2013 efektywna praca w ogrodzie\",\"potentialAction\":[{\"@type\":\"SearchAction\",\"target\":{\"@type\":\"EntryPoint\",\"urlTemplate\":\"https:\\\/\\\/grazo.pl\\\/?s={search_term_string}\"},\"query-input\":{\"@type\":\"PropertyValueSpecification\",\"valueRequired\":true,\"valueName\":\"search_term_string\"}}],\"inLanguage\":\"pl-PL\"}]}<\/script>\n<!-- \/ Yoast SEO plugin. -->","yoast_head_json":{"title":"Posypywarka GRAZO SandMaster - wyprodukowana w PolsceGRAZO.pl","description":"Posypywarka GRAZO SandMaster idealna do piaskowania trawnika czy rozprowadzania substratu. Posypywarka znacz\u0105co u\u0142atwia i przyspiesza prace.","robots":{"index":"index","follow":"follow","max-snippet":"max-snippet:-1","max-image-preview":"max-image-preview:large","max-video-preview":"max-video-preview:-1"},"canonical":"https:\/\/grazo.pl\/?product=posypywarka-sandmaster","og_locale":"pl_PL","og_type":"article","og_title":"Posypywarka GRAZO SandMaster - wyprodukowana w PolsceGRAZO.pl","og_description":"Posypywarka GRAZO SandMaster idealna do piaskowania trawnika czy rozprowadzania substratu. Posypywarka znacz\u0105co u\u0142atwia i przyspiesza prace.","og_url":"https:\/\/grazo.pl\/?product=posypywarka-sandmaster","og_site_name":"GRAZO.pl","article_modified_time":"2026-01-15T19:47:39+00:00","og_image":[{"width":1920,"height":2560,"url":"https:\/\/grazo.pl\/wp-content\/uploads\/2025\/11\/2-scaled.jpg","type":"image\/jpeg"}],"twitter_card":"summary_large_image","twitter_misc":{"Szacowany czas czytania":"2 minuty"},"schema":{"@context":"https:\/\/schema.org","@graph":[{"@type":"WebPage","@id":"https:\/\/grazo.pl\/?product=posypywarka-sandmaster","url":"https:\/\/grazo.pl\/?product=posypywarka-sandmaster","name":"Posypywarka GRAZO SandMaster - wyprodukowana w PolsceGRAZO.pl","isPartOf":{"@id":"https:\/\/grazo.pl\/#website"},"primaryImageOfPage":{"@id":"https:\/\/grazo.pl\/?product=posypywarka-sandmaster#primaryimage"},"image":{"@id":"https:\/\/grazo.pl\/?product=posypywarka-sandmaster#primaryimage"},"thumbnailUrl":"https:\/\/grazo.pl\/wp-content\/uploads\/2025\/11\/2-scaled.jpg","datePublished":"2025-11-20T21:10:07+00:00","dateModified":"2026-01-15T19:47:39+00:00","description":"Posypywarka GRAZO SandMaster idealna do piaskowania trawnika czy rozprowadzania substratu. Posypywarka znacz\u0105co u\u0142atwia i przyspiesza prace.","breadcrumb":{"@id":"https:\/\/grazo.pl\/?product=posypywarka-sandmaster#breadcrumb"},"inLanguage":"pl-PL","potentialAction":[{"@type":"ReadAction","target":["https:\/\/grazo.pl\/?product=posypywarka-sandmaster"]}]},{"@type":"ImageObject","inLanguage":"pl-PL","@id":"https:\/\/grazo.pl\/?product=posypywarka-sandmaster#primaryimage","url":"https:\/\/grazo.pl\/wp-content\/uploads\/2025\/11\/2-scaled.jpg","contentUrl":"https:\/\/grazo.pl\/wp-content\/uploads\/2025\/11\/2-scaled.jpg","width":1920,"height":2560},{"@type":"BreadcrumbList","@id":"https:\/\/grazo.pl\/?product=posypywarka-sandmaster#breadcrumb","itemListElement":[{"@type":"ListItem","position":1,"name":"Strona g\u0142\u00f3wna","item":"https:\/\/grazo.pl\/"},{"@type":"ListItem","position":2,"name":"Sklep","item":"https:\/\/grazo.pl\/?page_id=6"},{"@type":"ListItem","position":3,"name":"Posypywarka GRAZO SandMaster"}]},{"@type":"WebSite","@id":"https:\/\/grazo.pl\/#website","url":"https:\/\/grazo.pl\/","name":"GRAZO.pl","description":"Grazo \u2013 efektywna praca w ogrodzie","potentialAction":[{"@type":"SearchAction","target":{"@type":"EntryPoint","urlTemplate":"https:\/\/grazo.pl\/?s={search_term_string}"},"query-input":{"@type":"PropertyValueSpecification","valueRequired":true,"valueName":"search_term_string"}}],"inLanguage":"pl-PL"}]}},"jetpack_sharing_enabled":true,"_links":{"self":[{"href":"https:\/\/grazo.pl\/index.php?rest_route=\/wp\/v2\/product\/346","targetHints":{"allow":["GET"]}}],"collection":[{"href":"https:\/\/grazo.pl\/index.php?rest_route=\/wp\/v2\/product"}],"about":[{"href":"https:\/\/grazo.pl\/index.php?rest_route=\/wp\/v2\/types\/product"}],"replies":[{"embeddable":true,"href":"https:\/\/grazo.pl\/index.php?rest_route=%2Fwp%2Fv2%2Fcomments&post=346"}],"wp:featuredmedia":[{"embeddable":true,"href":"https:\/\/grazo.pl\/index.php?rest_route=\/wp\/v2\/media\/348"}],"wp:attachment":[{"href":"https:\/\/grazo.pl\/index.php?rest_route=%2Fwp%2Fv2%2Fmedia&parent=346"}],"wp:term":[{"taxonomy":"product_brand","embeddable":true,"href":"https:\/\/grazo.pl\/index.php?rest_route=%2Fwp%2Fv2%2Fproduct_brand&post=346"},{"taxonomy":"product_cat","embeddable":true,"href":"https:\/\/grazo.pl\/index.php?rest_route=%2Fwp%2Fv2%2Fproduct_cat&post=346"},{"taxonomy":"product_tag","embeddable":true,"href":"https:\/\/grazo.pl\/index.php?rest_route=%2Fwp%2Fv2%2Fproduct_tag&post=346"}],"curies":[{"name":"wp","href":"https:\/\/api.w.org\/{rel}","templated":true}]}}